{"id":614,"date":"2020-08-23T15:55:02","date_gmt":"2020-08-23T18:55:02","guid":{"rendered":"https:\/\/www.setasistemas.com.br\/blog\/?page_id=614"},"modified":"2020-08-24T14:37:49","modified_gmt":"2020-08-24T17:37:49","slug":"videos-da-seta-sistemas","status":"publish","type":"page","link":"https:\/\/www.setasistemas.com.br\/blog\/videos-da-seta-sistemas\/","title":{"rendered":"V\u00eddeos"},"content":{"rendered":"\n<hr class=\"wp-block-separator is-style-wide\"\/>\n\n\n\n<div class=\"wp-block-media-text alignwide is-stacked-on-mobile\"><figure class=\"wp-block-media-text__media\"><video controls src=\"https:\/\/www.setasistemas.com.br\/blog\/wp-content\/uploads\/2020\/08\/5-dicas-para-reduzir-a-inadimplencia-escolar.mp4\"><\/video><\/figure><div class=\"wp-block-media-text__content\">\n<p>O <a href=\"https:\/\/www.yurijackson.com.br\/\" target=\"_blank\" rel=\"noreferrer noopener\">Dr Yuri Jackson<\/a> preparou 5 dicas para ajudar sua empresa a reduzir a inadimpl\u00eancia! \ud83d\uddc3\ufe0f\ud83c\udfaf\ud83d\udcb0<br><br>Veja, curta, estude, pratique e compartilhe!\ud83c\udfaf<\/p>\n<\/div><\/div>\n\n\n\n<hr class=\"wp-block-separator\"\/>\n\n\n\n<div class=\"wp-block-media-text alignwide is-stacked-on-mobile\"><figure class=\"wp-block-media-text__media\"><video controls src=\"https:\/\/www.setasistemas.com.br\/blog\/wp-content\/uploads\/2020\/08\/5-dicas-para-acompanhar-seu-filho.mp4\"><\/video><\/figure><div class=\"wp-block-media-text__content\">\n<p>5 Dicas para ACOMPANHAR SEUS FILHOS &#8211; \ud83d\udca1\ud83d\udc68\ud83c\udffb\u200d\ud83d\udcbb\ud83d\udc69\ud83c\udffc\u200d\ud83d\udcbb\u23f0\ud83c\udde7\ud83c\uddf7<\/p>\n\n\n\n<p>A Psicopedagoga <a href=\"https:\/\/www.instagram.com\/fabiola_sperandio\" target=\"_blank\" rel=\"noreferrer noopener\">Fab\u00edola Sperandio<\/a> preparou 5 dicas nota 1000 para voc\u00ea acompanhar seus filhos! \ud83d\udc68\ud83c\udffd\u200d\ud83c\udf93\ud83d\udc68\ud83c\udffb\u200d\ud83c\udfa4\ud83d\udc69\ud83c\udffb\u200d\ud83c\udfeb\ud83d\udc68\ud83c\udffe\u200d\ud83c\udfeb\ud83d\udc4d\ud83c\udffb<\/p>\n\n\n\n<p>Veja, curta, estude, pratique e compartilhe!<br>\ud83c\udfaf<\/p>\n\n\n\n<h1 class=\"wp-block-heading\"><\/h1>\n\n\n\n<h1 class=\"wp-block-heading\"><\/h1>\n\n\n\n<h1 class=\"wp-block-heading\"><\/h1>\n<\/div><\/div>\n\n\n\n<hr class=\"wp-block-separator\"\/>\n\n\n\n<ul class=\"wp-block-social-links is-layout-flex wp-block-social-links-is-layout-flex\">\n\n<li class=\"wp-social-link wp-social-link-facebook  wp-block-social-link\"><a href=\"https:\/\/www.facebook.com\/setasistemas\" class=\"wp-block-social-link-anchor\"><svg width=\"24\" height=\"24\" viewBox=\"0 0 24 24\" version=\"1.1\" xmlns=\"http:\/\/www.w3.org\/2000\/svg\" aria-hidden=\"true\" focusable=\"false\"><path d=\"M12 2C6.5 2 2 6.5 2 12c0 5 3.7 9.1 8.4 9.9v-7H7.9V12h2.5V9.8c0-2.5 1.5-3.9 3.8-3.9 1.1 0 2.2.2 2.2.2v2.5h-1.3c-1.2 0-1.6.8-1.6 1.6V12h2.8l-.4 2.9h-2.3v7C18.3 21.1 22 17 22 12c0-5.5-4.5-10-10-10z\"><\/path><\/svg><span class=\"wp-block-social-link-label screen-reader-text\">Facebook<\/span><\/a><\/li>\n\n<li class=\"wp-social-link wp-social-link-twitter  wp-block-social-link\"><a href=\"https:\/\/www.twitter.com\/setasistemas\" class=\"wp-block-social-link-anchor\"><svg width=\"24\" height=\"24\" viewBox=\"0 0 24 24\" version=\"1.1\" xmlns=\"http:\/\/www.w3.org\/2000\/svg\" aria-hidden=\"true\" focusable=\"false\"><path d=\"M22.23,5.924c-0.736,0.326-1.527,0.547-2.357,0.646c0.847-0.508,1.498-1.312,1.804-2.27 c-0.793,0.47-1.671,0.812-2.606,0.996C18.324,4.498,17.257,4,16.077,4c-2.266,0-4.103,1.837-4.103,4.103 c0,0.322,0.036,0.635,0.106,0.935C8.67,8.867,5.647,7.234,3.623,4.751C3.27,5.357,3.067,6.062,3.067,6.814 c0,1.424,0.724,2.679,1.825,3.415c-0.673-0.021-1.305-0.206-1.859-0.513c0,0.017,0,0.034,0,0.052c0,1.988,1.414,3.647,3.292,4.023 c-0.344,0.094-0.707,0.144-1.081,0.144c-0.264,0-0.521-0.026-0.772-0.074c0.522,1.63,2.038,2.816,3.833,2.85 c-1.404,1.1-3.174,1.756-5.096,1.756c-0.331,0-0.658-0.019-0.979-0.057c1.816,1.164,3.973,1.843,6.29,1.843 c7.547,0,11.675-6.252,11.675-11.675c0-0.178-0.004-0.355-0.012-0.531C20.985,7.47,21.68,6.747,22.23,5.924z\"><\/path><\/svg><span class=\"wp-block-social-link-label screen-reader-text\">Twitter<\/span><\/a><\/li>\n\n<li class=\"wp-social-link wp-social-link-instagram  wp-block-social-link\"><a href=\"https:\/\/www.instagram.com\/setasistemas\" class=\"wp-block-social-link-anchor\"><svg width=\"24\" height=\"24\" viewBox=\"0 0 24 24\" version=\"1.1\" xmlns=\"http:\/\/www.w3.org\/2000\/svg\" aria-hidden=\"true\" focusable=\"false\"><path d=\"M12,4.622c2.403,0,2.688,0.009,3.637,0.052c0.877,0.04,1.354,0.187,1.671,0.31c0.42,0.163,0.72,0.358,1.035,0.673 c0.315,0.315,0.51,0.615,0.673,1.035c0.123,0.317,0.27,0.794,0.31,1.671c0.043,0.949,0.052,1.234,0.052,3.637 s-0.009,2.688-0.052,3.637c-0.04,0.877-0.187,1.354-0.31,1.671c-0.163,0.42-0.358,0.72-0.673,1.035 c-0.315,0.315-0.615,0.51-1.035,0.673c-0.317,0.123-0.794,0.27-1.671,0.31c-0.949,0.043-1.233,0.052-3.637,0.052 s-2.688-0.009-3.637-0.052c-0.877-0.04-1.354-0.187-1.671-0.31c-0.42-0.163-0.72-0.358-1.035-0.673 c-0.315-0.315-0.51-0.615-0.673-1.035c-0.123-0.317-0.27-0.794-0.31-1.671C4.631,14.688,4.622,14.403,4.622,12 s0.009-2.688,0.052-3.637c0.04-0.877,0.187-1.354,0.31-1.671c0.163-0.42,0.358-0.72,0.673-1.035 c0.315-0.315,0.615-0.51,1.035-0.673c0.317-0.123,0.794-0.27,1.671-0.31C9.312,4.631,9.597,4.622,12,4.622 M12,3 C9.556,3,9.249,3.01,8.289,3.054C7.331,3.098,6.677,3.25,6.105,3.472C5.513,3.702,5.011,4.01,4.511,4.511 c-0.5,0.5-0.808,1.002-1.038,1.594C3.25,6.677,3.098,7.331,3.054,8.289C3.01,9.249,3,9.556,3,12c0,2.444,0.01,2.751,0.054,3.711 c0.044,0.958,0.196,1.612,0.418,2.185c0.23,0.592,0.538,1.094,1.038,1.594c0.5,0.5,1.002,0.808,1.594,1.038 c0.572,0.222,1.227,0.375,2.185,0.418C9.249,20.99,9.556,21,12,21s2.751-0.01,3.711-0.054c0.958-0.044,1.612-0.196,2.185-0.418 c0.592-0.23,1.094-0.538,1.594-1.038c0.5-0.5,0.808-1.002,1.038-1.594c0.222-0.572,0.375-1.227,0.418-2.185 C20.99,14.751,21,14.444,21,12s-0.01-2.751-0.054-3.711c-0.044-0.958-0.196-1.612-0.418-2.185c-0.23-0.592-0.538-1.094-1.038-1.594 c-0.5-0.5-1.002-0.808-1.594-1.038c-0.572-0.222-1.227-0.375-2.185-0.418C14.751,3.01,14.444,3,12,3L12,3z M12,7.378 c-2.552,0-4.622,2.069-4.622,4.622S9.448,16.622,12,16.622s4.622-2.069,4.622-4.622S14.552,7.378,12,7.378z M12,15 c-1.657,0-3-1.343-3-3s1.343-3,3-3s3,1.343,3,3S13.657,15,12,15z M16.804,6.116c-0.596,0-1.08,0.484-1.08,1.08 s0.484,1.08,1.08,1.08c0.596,0,1.08-0.484,1.08-1.08S17.401,6.116,16.804,6.116z\"><\/path><\/svg><span class=\"wp-block-social-link-label screen-reader-text\">Instagram<\/span><\/a><\/li>\n\n<li class=\"wp-social-link wp-social-link-linkedin  wp-block-social-link\"><a href=\"https:\/\/www.linkedin.com\/company\/seta-sistemas\/\" class=\"wp-block-social-link-anchor\"><svg width=\"24\" height=\"24\" viewBox=\"0 0 24 24\" version=\"1.1\" xmlns=\"http:\/\/www.w3.org\/2000\/svg\" aria-hidden=\"true\" focusable=\"false\"><path d=\"M19.7,3H4.3C3.582,3,3,3.582,3,4.3v15.4C3,20.418,3.582,21,4.3,21h15.4c0.718,0,1.3-0.582,1.3-1.3V4.3 C21,3.582,20.418,3,19.7,3z M8.339,18.338H5.667v-8.59h2.672V18.338z M7.004,8.574c-0.857,0-1.549-0.694-1.549-1.548 c0-0.855,0.691-1.548,1.549-1.548c0.854,0,1.547,0.694,1.547,1.548C8.551,7.881,7.858,8.574,7.004,8.574z M18.339,18.338h-2.669 v-4.177c0-0.996-0.017-2.278-1.387-2.278c-1.389,0-1.601,1.086-1.601,2.206v4.249h-2.667v-8.59h2.559v1.174h0.037 c0.356-0.675,1.227-1.387,2.526-1.387c2.703,0,3.203,1.779,3.203,4.092V18.338z\"><\/path><\/svg><span class=\"wp-block-social-link-label screen-reader-text\">LinkedIn<\/span><\/a><\/li>\n\n<li class=\"wp-social-link wp-social-link-youtube  wp-block-social-link\"><a href=\"https:\/\/www.youtube.com\/channel\/UCqKTizXlGrG1JADAcWvy0ow\" class=\"wp-block-social-link-anchor\"><svg width=\"24\" height=\"24\" viewBox=\"0 0 24 24\" version=\"1.1\" xmlns=\"http:\/\/www.w3.org\/2000\/svg\" aria-hidden=\"true\" focusable=\"false\"><path d=\"M21.8,8.001c0,0-0.195-1.378-0.795-1.985c-0.76-0.797-1.613-0.801-2.004-0.847c-2.799-0.202-6.997-0.202-6.997-0.202 h-0.009c0,0-4.198,0-6.997,0.202C4.608,5.216,3.756,5.22,2.995,6.016C2.395,6.623,2.2,8.001,2.2,8.001S2,9.62,2,11.238v1.517 c0,1.618,0.2,3.237,0.2,3.237s0.195,1.378,0.795,1.985c0.761,0.797,1.76,0.771,2.205,0.855c1.6,0.153,6.8,0.201,6.8,0.201 s4.203-0.006,7.001-0.209c0.391-0.047,1.243-0.051,2.004-0.847c0.6-0.607,0.795-1.985,0.795-1.985s0.2-1.618,0.2-3.237v-1.517 C22,9.62,21.8,8.001,21.8,8.001z M9.935,14.594l-0.001-5.62l5.404,2.82L9.935,14.594z\"><\/path><\/svg><span class=\"wp-block-social-link-label screen-reader-text\">Youtube<\/span><\/a><\/li>\n\n<li class=\"wp-social-link wp-social-link-mail  wp-block-social-link\"><a href=\"mailto:con&#116;at&#111;&#064;&#115;&#101;t&#097;&#115;&#105;&#115;&#116;em&#097;&#115;.&#099;&#111;&#109;.b&#114;\" class=\"wp-block-social-link-anchor\"><svg width=\"24\" height=\"24\" viewBox=\"0 0 24 24\" version=\"1.1\" xmlns=\"http:\/\/www.w3.org\/2000\/svg\" aria-hidden=\"true\" focusable=\"false\"><path d=\"M19,5H5c-1.1,0-2,.9-2,2v10c0,1.1.9,2,2,2h14c1.1,0,2-.9,2-2V7c0-1.1-.9-2-2-2zm.5,12c0,.3-.2.5-.5.5H5c-.3,0-.5-.2-.5-.5V9.8l7.5,5.6,7.5-5.6V17zm0-9.1L12,13.6,4.5,7.9V7c0-.3.2-.5.5-.5h14c.3,0,.5.2.5.5v.9z\"><\/path><\/svg><span class=\"wp-block-social-link-label screen-reader-text\">E-mail<\/span><\/a><\/li>\n\n<\/ul>\n\n\n\n<hr class=\"wp-block-separator\"\/>\n\n\n\n<hr class=\"wp-block-separator is-style-wide\"\/>\n\n\n\n<div class=\"wp-block-media-text alignwide is-stacked-on-mobile\"><figure class=\"wp-block-media-text__media\"><video controls src=\"https:\/\/www.setasistemas.com.br\/blog\/wp-content\/uploads\/2020\/08\/5-Dicas-para-uma-boa-gest\u00e3o-de-contratos.mp4\"><\/video><\/figure><div class=\"wp-block-media-text__content\">\n<p>Se liga que hoje tem 5 dicas para UMA BOA GEST\u00c3O DE CONTRATOS -\ud83d\udca1\ud83d\udccd\ud83d\uddc3\ud83d\udcaf<\/p>\n\n\n\n<p>A Dra Stephanie Campos preparou 5 dicas para a gest\u00e3o de contratos! \ud83d\udc68\u200d\ud83d\udcbb\ud83d\udc69\u200d\ud83d\udcbb\ud83d\udc71\u200d\u2640\ufe0f\ud83d\udc4d\ud83c\udffb<\/p>\n\n\n\n<p>Veja, curta, estude, pratique e compartilhe!<br>\ud83c\udfaf<\/p>\n<\/div><\/div>\n\n\n\n<hr class=\"wp-block-separator\"\/>\n\n\n\n<div class=\"wp-block-media-text alignwide is-stacked-on-mobile\"><figure class=\"wp-block-media-text__media\"><video controls src=\"https:\/\/www.setasistemas.com.br\/blog\/wp-content\/uploads\/2020\/08\/5-Dicas-para-Ministrar-uma-Boa-Aula-1.mp4\"><\/video><\/figure><div class=\"wp-block-media-text__content\">\n<p>V\u00eddeo com 5 Dicas para ministrar uma boa aula \ud83d\udca1\ud83e\uddee\ud83d\udcc5\ud83d\udcdd\ud83d\udcaf<\/p>\n\n\n\n<p>O Professor Juliano Silvestre preparou 5 dicas para voc\u00ea entender o conceito e ministrar uma boa aula!\ud83d\udc68\u200d\ud83c\udfeb\ud83d\udc68\u200d\ud83c\udfa8\ud83d\udc68\u200d\ud83c\udfa4<\/p>\n\n\n\n<p>Veja, curta, estude, pratique e compartilhe!<br>\ud83c\udfaf<\/p>\n<\/div><\/div>\n\n\n\n<hr class=\"wp-block-separator\"\/>\n\n\n\n<div class=\"wp-block-media-text alignwide is-stacked-on-mobile\"><figure class=\"wp-block-media-text__media\"><video controls src=\"https:\/\/www.setasistemas.com.br\/blog\/wp-content\/uploads\/2020\/07\/A-NOITE-DO-PROFESSOR.mp4\"><\/video><\/figure><div class=\"wp-block-media-text__content\">\n<p>Muito obrigado professores! \ud83d\udc99\ud83d\udc99\ud83d\udc99<\/p>\n\n\n\n<p>Voc\u00eas superaram diversos desafios, as incertezas, revisaram planos de aulas, conheceram novos m\u00e9todos, se dedicaram aos alunos num momento t\u00e3o dif\u00edcil, por tudo isso:<\/p>\n\n\n\n<p>OBRIGADO! OBRIGADO! OBRIGADO! \ud83d\ude4c\ud83c\udffb\ud83d\ude4c\ud83c\udffb\ud83d\ude4c\ud83c\udffb<\/p>\n\n\n\n<p>Nesta sexta-feira (31\/07), \u00e0s 20h, vamos para as janelas e promover um #aplausa\u00e7o a todos os educadores! \ud83d\udc4f\ud83c\udffb\ud83d\udc4f\ud83c\udffb\ud83d\udc4f\ud83c\udffb<\/p>\n\n\n\n<p>Avise a fam\u00edlia e os amigos! \ud83d\udc4d\ud83c\udffb\ud83d\udc4d\ud83c\udffb\ud83d\udc4d\ud83c\udffb<\/p>\n<\/div><\/div>\n\n\n\n<hr class=\"wp-block-separator\"\/>\n\n\n\n<div class=\"wp-block-media-text alignwide is-stacked-on-mobile\"><figure class=\"wp-block-media-text__media\"><video controls src=\"https:\/\/www.setasistemas.com.br\/blog\/wp-content\/uploads\/2020\/07\/Trabalhar-em-Casa.mp4\"><\/video><\/figure><div class=\"wp-block-media-text__content\">\n<p>Preparamos dicas f\u00e1ceis e claras para que voc\u00ea possa trabalhar com seguran\u00e7a durante a pandemia pela COVID-19, lembre-se, a vida est\u00e1 em primeiro lugar, use EPIs de confian\u00e7a, mantenha distanciamento social, v\u00e1 ao posto de sa\u00fade nos primeiros sintomas.<\/p>\n\n\n\n<p>Vai passar!<\/p>\n\n\n\n<p>Conte sempre com a Seta Sistemas.<\/p>\n<\/div><\/div>\n\n\n\n<hr class=\"wp-block-separator\"\/>\n\n\n\n<div class=\"wp-block-media-text alignwide is-stacked-on-mobile\"><figure class=\"wp-block-media-text__media\"><video controls src=\"https:\/\/www.setasistemas.com.br\/blog\/wp-content\/uploads\/2020\/07\/Cidades-Criativas.mp4\"><\/video><\/figure><div class=\"wp-block-media-text__content\">\n<p>Cidades Criativas \ud83c\udfd7\ud83c\udfea\ud83c\udfec<br><br>O Professor <a href=\"https:\/\/www.facebook.com\/decio.coutinho.7\" target=\"_blank\" rel=\"noreferrer noopener\">Decio Coutinho<\/a> preparou dicas para voc\u00ea entender o conceito de cidade criativa e como colocar em pr\u00e1tica.\ud83d\udca1\ud83d\udda5<\/p>\n\n\n\n<p>Veja, curta, estude, pratique e compartilhe!<br>\ud83d\udc92\ud83c\udfe5\ud83c\udfe1\ud83c\udfd8<\/p>\n<\/div><\/div>\n\n\n\n<hr class=\"wp-block-separator\"\/>\n\n\n\n<div class=\"wp-block-media-text alignwide is-stacked-on-mobile\"><figure class=\"wp-block-media-text__media\"><video controls src=\"https:\/\/www.setasistemas.com.br\/blog\/wp-content\/uploads\/2020\/07\/Redacao-Nota-10.mp4\"><\/video><\/figure><div class=\"wp-block-media-text__content\">\n<p>Reda\u00e7\u00e3o Nota 10<\/p>\n\n\n\n<p>O que \u00e9 preciso para escrever bem?\ud83c\udfc6<\/p>\n\n\n\n<p>A Professora<a href=\"https:\/\/www.facebook.com\/profile.php?id=100010253708028\" target=\"_blank\" rel=\"noreferrer noopener\"> Allyne Alves<\/a> preparou dicas valiosas para voc\u00ea escrever bem e criar uma Reda\u00e7\u00e3o Nota 10. \ud83d\udca1\ud83d\udda5<\/p>\n\n\n\n<p>Veja, curta, estude, pratique e compartilhe! \ud83d\udcda\ud83d\udcc8<\/p>\n<\/div><\/div>\n\n\n\n<hr class=\"wp-block-separator\"\/>\n","protected":false},"excerpt":{"rendered":"<p>O Dr Yuri Jackson preparou 5 dicas para ajudar sua empresa a reduzir a inadimpl\u00eancia! \ud83d\uddc3\ufe0f\ud83c\udfaf\ud83d\udcb0 Veja, curta, estude, pratique e compartilhe!\ud83c\udfaf 5 Dicas para ACOMPANHAR SEUS FILHOS &#8211; \ud83d\udca1\ud83d\udc68\ud83c\udffb\u200d\ud83d\udcbb\ud83d\udc69\ud83c\udffc\u200d\ud83d\udcbb\u23f0\ud83c\udde7\ud83c\uddf7 A Psicopedagoga Fab\u00edola Sperandio preparou 5 dicas nota 1000 para voc\u00ea acompanhar seus filhos! \ud83d\udc68\ud83c\udffd\u200d\ud83c\udf93\ud83d\udc68\ud83c\udffb\u200d\ud83c\udfa4\ud83d\udc69\ud83c\udffb\u200d\ud83c\udfeb\ud83d\udc68\ud83c\udffe\u200d\ud83c\udfeb\ud83d\udc4d\ud83c\udffb Veja, curta, estude, pratique e compartilhe!\ud83c\udfaf Se liga que hoje [&hellip;]<\/p>\n","protected":false},"author":1,"featured_media":0,"parent":0,"menu_order":0,"comment_status":"open","ping_status":"closed","template":"full-width.php","meta":{"footnotes":""},"class_list":["post-614","page","type-page","status-publish","hentry"],"blocksy_meta":[],"_links":{"self":[{"href":"https:\/\/www.setasistemas.com.br\/blog\/wp-json\/wp\/v2\/pages\/614","targetHints":{"allow":["GET"]}}],"collection":[{"href":"https:\/\/www.setasistemas.com.br\/blog\/wp-json\/wp\/v2\/pages"}],"about":[{"href":"https:\/\/www.setasistemas.com.br\/blog\/wp-json\/wp\/v2\/types\/page"}],"author":[{"embeddable":true,"href":"https:\/\/www.setasistemas.com.br\/blog\/wp-json\/wp\/v2\/users\/1"}],"replies":[{"embeddable":true,"href":"https:\/\/www.setasistemas.com.br\/blog\/wp-json\/wp\/v2\/comments?post=614"}],"version-history":[{"count":5,"href":"https:\/\/www.setasistemas.com.br\/blog\/wp-json\/wp\/v2\/pages\/614\/revisions"}],"predecessor-version":[{"id":645,"href":"https:\/\/www.setasistemas.com.br\/blog\/wp-json\/wp\/v2\/pages\/614\/revisions\/645"}],"wp:attachment":[{"href":"https:\/\/www.setasistemas.com.br\/blog\/wp-json\/wp\/v2\/media?parent=614"}],"curies":[{"name":"wp","href":"https:\/\/api.w.org\/{rel}","templated":true}]}}